{"id":1033,"date":"2023-03-27T10:18:22","date_gmt":"2023-03-27T13:18:22","guid":{"rendered":"https:\/\/congresso5.ipld.com.br\/termos-e-condicoes-de-participacao\/"},"modified":"2023-03-28T18:22:03","modified_gmt":"2023-03-28T21:22:03","slug":"terminos-y-condiciones-de-participacion","status":"publish","type":"page","link":"https:\/\/congresso5.ipld.com.br\/es\/terminos-y-condiciones-de-participacion\/","title":{"rendered":"T\u00e9rminos y Condiciones de Participaci\u00f3n"},"content":{"rendered":"<p><strong>5\u00ba Congreso de PLD-FT, 23 y 24 de mayo de 2023<\/strong><\/p>\n<p>&nbsp;<\/p>\n<p><span style=\"font-weight: 400;\">El 5\u00ba Congreso Internacional del IPLD, organizado por el IPLD &#8211; Instituto de Integridad, ESG y Prevenci\u00f3n y Combate al Lavado de Dinero y al Financiamiento del Terrorismo &#8211; ser\u00e1 realizado los d\u00edas 23 y 24 de mayo de 2023, con el objetivo de promover conocimientos e integraci\u00f3n entre el mercado, especialistas y profesionales estrat\u00e9gicos que act\u00faan en la prevenci\u00f3n y lucha contra el lavado de dinero y la financiaci\u00f3n del terrorismo y la proliferaci\u00f3n de armas de destrucci\u00f3n masiva.<\/span><\/p>\n<p>&nbsp;<\/p>\n<p><span style=\"font-weight: 400;\">A lo largo del evento, ser\u00e1n presentadas y debatidas estrategias, contenidos y buenas pr\u00e1cticas nacionales e internacionales que visan apoyar la transformaci\u00f3n de la actuaci\u00f3n de esos profesionales en el escenario actual, a nivel internacional.<\/span><\/p>\n<p>&nbsp;<\/p>\n<p><b>DE LOS PARTICIPANTES<\/b><\/p>\n<p>&nbsp;<\/p>\n<p><span style=\"font-weight: 400;\">Podr\u00e1n participar estudiantes y profesionales de PLD-FTP, ESG, Integridad y Compliance de cualquier nacionalidad, que est\u00e9n interesados en las tem\u00e1ticas abordadas durante el evento.<\/span><\/p>\n<p>&nbsp;<\/p>\n<p><b>DE LAS INSCRIPCIONES<\/b><\/p>\n<p>&nbsp;<\/p>\n<p><span style=\"font-weight: 400;\">Las inscripciones para el 5\u00ba Congreso Internacional del IPLD se pueden realizar en el sitio web oficial del evento (https:\/\/congresso5.ipld.com.br\/).<\/span><\/p>\n<p>&nbsp;<\/p>\n<p><b>DEL EVENTO<\/b><\/p>\n<p>&nbsp;<\/p>\n<p><span style=\"font-weight: 400;\">El evento ser\u00e1 presencial, con transmisi\u00f3n online parcial.<\/span><\/p>\n<p>&nbsp;<\/p>\n<p><span style=\"font-weight: 400;\">Las atracciones presentadas durante la programaci\u00f3n del evento no podr\u00e1n ser grabadas y la inscripci\u00f3n gratuita da derecho al congresista el acceso solo a algunos de los paneles del evento &#8220;en vivo&#8221;, y no a las grabaciones, quedando vetada la reivindicaci\u00f3n de las mismas.\u00a0<\/span><\/p>\n<p><span style=\"font-weight: 400;\">Ser\u00e1 enviado certificado de participaci\u00f3n solo para las inscripciones presenciales, ya para los inscritos de forma online, la disponibilidad ser\u00e1 hecha mediante tarifa de emisi\u00f3n.<\/span><\/p>\n<p>&nbsp;<\/p>\n<p><b>DISPOSICIONES FINALES<\/b><\/p>\n<p>&nbsp;<\/p>\n<p><span style=\"font-weight: 400;\">Al inscribirse, el congresista es consciente y autoriza recibir por e-mail, durante el per\u00edodo m\u00e1ximo de 12 meses, contenidos relacionados con nuestros partidarios y socios, siendo ese env\u00edo hecho a trav\u00e9s del IPLD, que se compromete a proteger los datos de los congresistas, no revelarlos a ninguna instituci\u00f3n.<\/span><\/p>\n<p>&nbsp;<\/p>\n<p><span style=\"font-weight: 400;\">El IPLD no se responsabiliza por cualquier problema t\u00e9cnico durante la realizaci\u00f3n del evento y est\u00e1 vetado al congresista el derecho de exigir el acceso a las grabaciones o cualquier otro requisito en virtud de falla t\u00e9cnica que pueda transcurrir en alguno de los d\u00edas del congreso.<\/span><\/p>\n<p>&nbsp;<\/p>\n<p><span style=\"font-weight: 400;\">La participaci\u00f3n en el congreso implica el conocimiento y la aceptaci\u00f3n de todas las disposiciones de este reglamento.<\/span><\/p>\n<p>&nbsp;<\/p>\n<p><span style=\"font-weight: 400;\">Los casos omitidos ser\u00e1n resueltos por el IPLD y las decisiones no caben ning\u00fan tipo de recurso.\u00a0<\/span><\/p>\n<p><span style=\"font-weight: 400;\">Este reglamento permanecer\u00e1 disponible en el sitio web https:\/\/congresso5.ipld.com.br\/ hasta la fecha de cierre del congreso y cualquier duda o reclamaci\u00f3n referente al evento deber\u00e1 ser resuelta por el organizador del mismo a trav\u00e9s del email contato@ipld.com.br.<\/span><\/p>\n","protected":false},"excerpt":{"rendered":"<p>5\u00ba Congreso de PLD-FT, 23 y 24 de mayo de 2023 &nbsp; El 5\u00ba Congreso Internacional del IPLD, organizado por el IPLD &#8211; Instituto de Integridad, ESG y Prevenci\u00f3n y Combate al Lavado de Dinero y al Financiamiento del Terrorismo &#8211; ser\u00e1 realizado los d\u00edas 23 y 24 de mayo de 2023, con el objetivo [&hellip;]<\/p>\n","protected":false},"author":1,"featured_media":0,"parent":0,"menu_order":0,"comment_status":"closed","ping_status":"closed","template":"","meta":{"footnotes":""},"acf":[],"yoast_head":"<!-- This site is optimized with the Yoast SEO plugin v20.2.1 - https:\/\/yoast.com\/wordpress\/plugins\/seo\/ -->\n<title>T\u00e9rminos y Condiciones de Participaci\u00f3n - 5\u00ba Congresso do IPLD Internacional<\/title>\n<meta name=\"robots\" content=\"index, follow, max-snippet:-1, max-image-preview:large, max-video-preview:-1\" \/>\n<link rel=\"canonical\" href=\"https:\/\/congresso5.ipld.com.br\/es\/terminos-y-condiciones-de-participacion\/\" \/>\n<meta property=\"og:locale\" content=\"es_ES\" \/>\n<meta property=\"og:type\" content=\"article\" \/>\n<meta property=\"og:title\" content=\"T\u00e9rminos y Condiciones de Participaci\u00f3n - 5\u00ba Congresso do IPLD Internacional\" \/>\n<meta property=\"og:description\" content=\"5\u00ba Congreso de PLD-FT, 23 y 24 de mayo de 2023 &nbsp; El 5\u00ba Congreso Internacional del IPLD, organizado por el IPLD &#8211; Instituto de Integridad, ESG y Prevenci\u00f3n y Combate al Lavado de Dinero y al Financiamiento del Terrorismo &#8211; ser\u00e1 realizado los d\u00edas 23 y 24 de mayo de 2023, con el objetivo [&hellip;]\" \/>\n<meta property=\"og:url\" content=\"https:\/\/congresso5.ipld.com.br\/es\/terminos-y-condiciones-de-participacion\/\" \/>\n<meta property=\"og:site_name\" content=\"5\u00ba Congresso do IPLD Internacional\" \/>\n<meta property=\"article:modified_time\" content=\"2023-03-28T21:22:03+00:00\" \/>\n<meta name=\"twitter:card\" content=\"summary_large_image\" \/>\n<meta name=\"twitter:label1\" content=\"Tiempo de lectura\" \/>\n\t<meta name=\"twitter:data1\" content=\"3 minutos\" \/>\n<script type=\"application\/ld+json\" class=\"yoast-schema-graph\">{\"@context\":\"https:\/\/schema.org\",\"@graph\":[{\"@type\":\"WebPage\",\"@id\":\"https:\/\/congresso5.ipld.com.br\/es\/terminos-y-condiciones-de-participacion\/\",\"url\":\"https:\/\/congresso5.ipld.com.br\/es\/terminos-y-condiciones-de-participacion\/\",\"name\":\"T\u00e9rminos y Condiciones de Participaci\u00f3n - 5\u00ba Congresso do IPLD Internacional\",\"isPartOf\":{\"@id\":\"https:\/\/congresso5.ipld.com.br\/es\/#website\"},\"datePublished\":\"2023-03-27T13:18:22+00:00\",\"dateModified\":\"2023-03-28T21:22:03+00:00\",\"inLanguage\":\"es\",\"potentialAction\":[{\"@type\":\"ReadAction\",\"target\":[\"https:\/\/congresso5.ipld.com.br\/es\/terminos-y-condiciones-de-participacion\/\"]}]},{\"@type\":\"WebSite\",\"@id\":\"https:\/\/congresso5.ipld.com.br\/es\/#website\",\"url\":\"https:\/\/congresso5.ipld.com.br\/es\/\",\"name\":\"5\u00ba Congresso do IPLD Internacional\",\"description\":\"\",\"publisher\":{\"@id\":\"https:\/\/congresso5.ipld.com.br\/es\/#organization\"},\"potentialAction\":[{\"@type\":\"SearchAction\",\"target\":{\"@type\":\"EntryPoint\",\"urlTemplate\":\"https:\/\/congresso5.ipld.com.br\/es\/?s={search_term_string}\"},\"query-input\":\"required name=search_term_string\"}],\"inLanguage\":\"es\"},{\"@type\":\"Organization\",\"@id\":\"https:\/\/congresso5.ipld.com.br\/es\/#organization\",\"name\":\"5\u00ba Congresso do IPLD Internacional\",\"url\":\"https:\/\/congresso5.ipld.com.br\/es\/\",\"logo\":{\"@type\":\"ImageObject\",\"inLanguage\":\"es\",\"@id\":\"https:\/\/congresso5.ipld.com.br\/es\/#\/schema\/logo\/image\/\",\"url\":\"https:\/\/congresso5.ipld.com.br\/wp-content\/uploads\/cropped-logo-congresso.png\",\"contentUrl\":\"https:\/\/congresso5.ipld.com.br\/wp-content\/uploads\/cropped-logo-congresso.png\",\"width\":123,\"height\":44,\"caption\":\"5\u00ba Congresso do IPLD Internacional\"},\"image\":{\"@id\":\"https:\/\/congresso5.ipld.com.br\/es\/#\/schema\/logo\/image\/\"}}]}<\/script>\n<!-- \/ Yoast SEO plugin. -->","yoast_head_json":{"title":"T\u00e9rminos y Condiciones de Participaci\u00f3n - 5\u00ba Congresso do IPLD Internacional","robots":{"index":"index","follow":"follow","max-snippet":"max-snippet:-1","max-image-preview":"max-image-preview:large","max-video-preview":"max-video-preview:-1"},"canonical":"https:\/\/congresso5.ipld.com.br\/es\/terminos-y-condiciones-de-participacion\/","og_locale":"es_ES","og_type":"article","og_title":"T\u00e9rminos y Condiciones de Participaci\u00f3n - 5\u00ba Congresso do IPLD Internacional","og_description":"5\u00ba Congreso de PLD-FT, 23 y 24 de mayo de 2023 &nbsp; El 5\u00ba Congreso Internacional del IPLD, organizado por el IPLD &#8211; Instituto de Integridad, ESG y Prevenci\u00f3n y Combate al Lavado de Dinero y al Financiamiento del Terrorismo &#8211; ser\u00e1 realizado los d\u00edas 23 y 24 de mayo de 2023, con el objetivo [&hellip;]","og_url":"https:\/\/congresso5.ipld.com.br\/es\/terminos-y-condiciones-de-participacion\/","og_site_name":"5\u00ba Congresso do IPLD Internacional","article_modified_time":"2023-03-28T21:22:03+00:00","twitter_card":"summary_large_image","twitter_misc":{"Tiempo de lectura":"3 minutos"},"schema":{"@context":"https:\/\/schema.org","@graph":[{"@type":"WebPage","@id":"https:\/\/congresso5.ipld.com.br\/es\/terminos-y-condiciones-de-participacion\/","url":"https:\/\/congresso5.ipld.com.br\/es\/terminos-y-condiciones-de-participacion\/","name":"T\u00e9rminos y Condiciones de Participaci\u00f3n - 5\u00ba Congresso do IPLD Internacional","isPartOf":{"@id":"https:\/\/congresso5.ipld.com.br\/es\/#website"},"datePublished":"2023-03-27T13:18:22+00:00","dateModified":"2023-03-28T21:22:03+00:00","inLanguage":"es","potentialAction":[{"@type":"ReadAction","target":["https:\/\/congresso5.ipld.com.br\/es\/terminos-y-condiciones-de-participacion\/"]}]},{"@type":"WebSite","@id":"https:\/\/congresso5.ipld.com.br\/es\/#website","url":"https:\/\/congresso5.ipld.com.br\/es\/","name":"5\u00ba Congresso do IPLD Internacional","description":"","publisher":{"@id":"https:\/\/congresso5.ipld.com.br\/es\/#organization"},"potentialAction":[{"@type":"SearchAction","target":{"@type":"EntryPoint","urlTemplate":"https:\/\/congresso5.ipld.com.br\/es\/?s={search_term_string}"},"query-input":"required name=search_term_string"}],"inLanguage":"es"},{"@type":"Organization","@id":"https:\/\/congresso5.ipld.com.br\/es\/#organization","name":"5\u00ba Congresso do IPLD Internacional","url":"https:\/\/congresso5.ipld.com.br\/es\/","logo":{"@type":"ImageObject","inLanguage":"es","@id":"https:\/\/congresso5.ipld.com.br\/es\/#\/schema\/logo\/image\/","url":"https:\/\/congresso5.ipld.com.br\/wp-content\/uploads\/cropped-logo-congresso.png","contentUrl":"https:\/\/congresso5.ipld.com.br\/wp-content\/uploads\/cropped-logo-congresso.png","width":123,"height":44,"caption":"5\u00ba Congresso do IPLD Internacional"},"image":{"@id":"https:\/\/congresso5.ipld.com.br\/es\/#\/schema\/logo\/image\/"}}]}},"_links":{"self":[{"href":"https:\/\/congresso5.ipld.com.br\/es\/wp-json\/wp\/v2\/pages\/1033"}],"collection":[{"href":"https:\/\/congresso5.ipld.com.br\/es\/wp-json\/wp\/v2\/pages"}],"about":[{"href":"https:\/\/congresso5.ipld.com.br\/es\/wp-json\/wp\/v2\/types\/page"}],"author":[{"embeddable":true,"href":"https:\/\/congresso5.ipld.com.br\/es\/wp-json\/wp\/v2\/users\/1"}],"replies":[{"embeddable":true,"href":"https:\/\/congresso5.ipld.com.br\/es\/wp-json\/wp\/v2\/comments?post=1033"}],"version-history":[{"count":2,"href":"https:\/\/congresso5.ipld.com.br\/es\/wp-json\/wp\/v2\/pages\/1033\/revisions"}],"predecessor-version":[{"id":1037,"href":"https:\/\/congresso5.ipld.com.br\/es\/wp-json\/wp\/v2\/pages\/1033\/revisions\/1037"}],"wp:attachment":[{"href":"https:\/\/congresso5.ipld.com.br\/es\/wp-json\/wp\/v2\/media?parent=1033"}],"curies":[{"name":"wp","href":"https:\/\/api.w.org\/{rel}","templated":true}]}}